{"id":50377,"date":"2023-05-01T14:42:07","date_gmt":"2023-05-01T12:42:07","guid":{"rendered":"https:\/\/slodhcup.pumptrack.si\/ekipe\/"},"modified":"2023-06-11T17:48:32","modified_gmt":"2023-06-11T15:48:32","slug":"teams","status":"publish","type":"page","link":"https:\/\/www.slodhcup.pumptrack.si\/en\/teams\/","title":{"rendered":"Teams"},"content":{"rendered":"\t\t<div data-elementor-type=\"wp-page\" data-elementor-id=\"50377\" class=\"elementor elementor-50377\">\n\t\t\t\t\t\t\t\t\t<section class=\"elementor-section elementor-top-section elementor-element elementor-element-2e9b2b9 news ct-section-stretched elementor-section-full_width elementor-section-height-default elementor-section-height-default wpr-particle-no wpr-jarallax-no wpr-parallax-no wpr-sticky-section-no\" data-id=\"2e9b2b9\" data-element_type=\"section\">\n\t\t\t\t\t\t<div class=\"elementor-container elementor-column-gap-no\">\n\t\t\t\t\t<div class=\"elementor-column elementor-col-100 elementor-top-column elementor-element elementor-element-4227094\" data-id=\"4227094\" data-element_type=\"column\">\n\t\t\t<div class=\"elementor-widget-wrap elementor-element-populated\">\n\t\t\t\t\t\t\t\t<div class=\"elementor-element elementor-element-63d3685 teams premium-blog-align-left elementor-widget elementor-widget-premium-addon-blog\" data-id=\"63d3685\" data-element_type=\"widget\" data-settings=\"{&quot;premium_blog_columns_number&quot;:&quot;100%&quot;,&quot;premium_blog_grid&quot;:&quot;yes&quot;,&quot;premium_blog_layout&quot;:&quot;even&quot;,&quot;premium_blog_columns_number_tablet&quot;:&quot;50%&quot;,&quot;premium_blog_columns_number_mobile&quot;:&quot;100%&quot;}\" data-widget_type=\"premium-addon-blog.default\">\n\t\t\t\t<div class=\"elementor-widget-container\">\n\t\t\t\r\n\t\t\t\t<div class=\"premium-blog-wrap  premium-blog-even\" data-page=\"50377\">\r\n\t\t\t\t\t<div class=\"premium-blog-post-outer-container\" data-total=\"1\">\r\n\t\t\t<div class=\"premium-blog-post-container premium-blog-skin-classic\">\r\n\t\t\t\t\t\t\t\t\t<div class=\"premium-blog-thumb-effect-wrapper\">\r\n\t\t\t\t\t\t<div class=\"premium-blog-thumbnail-container premium-blog-zoomin-effect\">\r\n\t\t\t\t\t\t\t<img decoding=\"async\" width=\"1280\" height=\"853\" src=\"https:\/\/www.slodhcup.pumptrack.si\/wp-content\/uploads\/2020\/03\/57076312_290273428558054_2825344356209131520_n-1280x853.jpg\" class=\"attachment-large size-large wp-image-45721\" alt=\"\" loading=\"lazy\" srcset=\"https:\/\/www.slodhcup.pumptrack.si\/wp-content\/uploads\/2020\/03\/57076312_290273428558054_2825344356209131520_n-1280x853.jpg 1280w, https:\/\/www.slodhcup.pumptrack.si\/wp-content\/uploads\/2020\/03\/57076312_290273428558054_2825344356209131520_n-640x427.jpg 640w, https:\/\/www.slodhcup.pumptrack.si\/wp-content\/uploads\/2020\/03\/57076312_290273428558054_2825344356209131520_n-768x512.jpg 768w, https:\/\/www.slodhcup.pumptrack.si\/wp-content\/uploads\/2020\/03\/57076312_290273428558054_2825344356209131520_n-1536x1024.jpg 1536w, https:\/\/www.slodhcup.pumptrack.si\/wp-content\/uploads\/2020\/03\/57076312_290273428558054_2825344356209131520_n-150x100.jpg 150w, https:\/\/www.slodhcup.pumptrack.si\/wp-content\/uploads\/2020\/03\/57076312_290273428558054_2825344356209131520_n.jpg 2000w\" sizes=\"(max-width: 1280px) 100vw, 1280px\" \/>\t\t\t\t\t\t<\/div>\r\n\t\t\t\t\t\t\t\t\t\t\t\t\t<div class=\"premium-blog-thumbnail-overlay\">\r\n\t\t\t\t\t\t\t\t<a class=\"elementor-icon\" href=\"https:\/\/www.slodhcup.pumptrack.si\/en\/2020\/teams-presentation-2019-1-kd-rajd\/\" target=\"_self\" aria-hidden=\"true\"><span>KD Rajd<\/span><\/a>\r\n\t\t\t\t\t\t\t<\/div>\r\n\t\t\t\t\t\t\t\t\t\t\t<\/div>\r\n\t\t\t\t\t\t\t\t\t\t\t\t<div class=\"premium-blog-content-wrapper \">\r\n\r\n\t\t\t\t\t<div class=\"premium-blog-inner-container\">\r\n\r\n\t\t\t\t\t\t\t\t\t\t\t\t\t\t<h4 class=\"premium-blog-entry-title\">\r\n\t\t\t<a href=\"https:\/\/www.slodhcup.pumptrack.si\/en\/2020\/teams-presentation-2019-1-kd-rajd\/\" target=\"_self\">\r\n\t\t\t\tKD Rajd\t\t\t<\/a>\r\n\t\t<\/h4>\r\n\t\t\t\t<div class=\"premium-blog-entry-meta\">\r\n\t\t\t\r\n\t\t\t\r\n\t\t\t\r\n\t\t\t\t\t<\/div>\r\n\t\t\r\n\t\t\t\t\t<\/div>\r\n\r\n\t\t\t\t\t<p class=\"premium-blog-post-content\">Rajd Ljubljana is one of the biggest competition teams in the Slovenian MTB scene in which a lot of their racers have also developed and progressed to the&nbsp;Sinter Brakes Team&nbsp;or even the&nbsp;Unior Devinci Factory Racing. There are many youngsters in the crew who learned the downhill skills at their Rajd \u2026<\/p>\t\t\t\t\t\r\n\t\t\t\t<\/div>\r\n\t\t\t<\/div>\r\n\t\t<\/div>\r\n\r\n\t\t\t\t<div class=\"premium-blog-post-outer-container\" data-total=\"1\">\r\n\t\t\t<div class=\"premium-blog-post-container premium-blog-skin-classic\">\r\n\t\t\t\t\t\t\t\t\t<div class=\"premium-blog-thumb-effect-wrapper\">\r\n\t\t\t\t\t\t<div class=\"premium-blog-thumbnail-container premium-blog-zoomin-effect\">\r\n\t\t\t\t\t\t\t<img decoding=\"async\" width=\"1280\" height=\"854\" src=\"https:\/\/www.slodhcup.pumptrack.si\/wp-content\/uploads\/2020\/03\/BLA_4320-1280x854.jpg\" class=\"attachment-large size-large wp-image-45794\" alt=\"\" loading=\"lazy\" srcset=\"https:\/\/www.slodhcup.pumptrack.si\/wp-content\/uploads\/2020\/03\/BLA_4320-1280x854.jpg 1280w, https:\/\/www.slodhcup.pumptrack.si\/wp-content\/uploads\/2020\/03\/BLA_4320-640x427.jpg 640w, https:\/\/www.slodhcup.pumptrack.si\/wp-content\/uploads\/2020\/03\/BLA_4320-768x513.jpg 768w, https:\/\/www.slodhcup.pumptrack.si\/wp-content\/uploads\/2020\/03\/BLA_4320-1536x1025.jpg 1536w, https:\/\/www.slodhcup.pumptrack.si\/wp-content\/uploads\/2020\/03\/BLA_4320-150x100.jpg 150w, https:\/\/www.slodhcup.pumptrack.si\/wp-content\/uploads\/2020\/03\/BLA_4320.jpg 2000w\" sizes=\"(max-width: 1280px) 100vw, 1280px\" \/>\t\t\t\t\t\t<\/div>\r\n\t\t\t\t\t\t\t\t\t\t\t\t\t<div class=\"premium-blog-thumbnail-overlay\">\r\n\t\t\t\t\t\t\t\t<a class=\"elementor-icon\" href=\"https:\/\/www.slodhcup.pumptrack.si\/en\/2020\/kk-crn-trn-2\/\" target=\"_self\" aria-hidden=\"true\"><span>KK \u010crn trn<\/span><\/a>\r\n\t\t\t\t\t\t\t<\/div>\r\n\t\t\t\t\t\t\t\t\t\t\t<\/div>\r\n\t\t\t\t\t\t\t\t\t\t\t\t<div class=\"premium-blog-content-wrapper \">\r\n\r\n\t\t\t\t\t<div class=\"premium-blog-inner-container\">\r\n\r\n\t\t\t\t\t\t\t\t\t\t\t\t\t\t<h4 class=\"premium-blog-entry-title\">\r\n\t\t\t<a href=\"https:\/\/www.slodhcup.pumptrack.si\/en\/2020\/kk-crn-trn-2\/\" target=\"_self\">\r\n\t\t\t\tKK \u010crn trn\t\t\t<\/a>\r\n\t\t<\/h4>\r\n\t\t\t\t<div class=\"premium-blog-entry-meta\">\r\n\t\t\t\r\n\t\t\t\r\n\t\t\t\r\n\t\t\t\t\t<\/div>\r\n\t\t\r\n\t\t\t\t\t<\/div>\r\n\r\n\t\t\t\t\t<p class=\"premium-blog-post-content\">KK \u010crn Trn (black thorn) is a cycling club that has had several top competitors throughout its history who were taking top spots at home races, European DH and 4X championships and were regularly achieving points in world cups. Among other things, this is the mother club of Mitja Ergaver, \u2026<\/p>\t\t\t\t\t\r\n\t\t\t\t<\/div>\r\n\t\t\t<\/div>\r\n\t\t<\/div>\r\n\r\n\t\t\t\t<div class=\"premium-blog-post-outer-container\" data-total=\"1\">\r\n\t\t\t<div class=\"premium-blog-post-container premium-blog-skin-classic\">\r\n\t\t\t\t\t\t\t\t\t<div class=\"premium-blog-thumb-effect-wrapper\">\r\n\t\t\t\t\t\t<div class=\"premium-blog-thumbnail-container premium-blog-zoomin-effect\">\r\n\t\t\t\t\t\t\t<img decoding=\"async\" width=\"1280\" height=\"854\" src=\"https:\/\/www.slodhcup.pumptrack.si\/wp-content\/uploads\/2020\/03\/Klemen-Humar_2017-09_Sorca_12_2KH1914-1280x854.jpg\" class=\"attachment-large size-large wp-image-45845\" alt=\"\" loading=\"lazy\" srcset=\"https:\/\/www.slodhcup.pumptrack.si\/wp-content\/uploads\/2020\/03\/Klemen-Humar_2017-09_Sorca_12_2KH1914-1280x854.jpg 1280w, https:\/\/www.slodhcup.pumptrack.si\/wp-content\/uploads\/2020\/03\/Klemen-Humar_2017-09_Sorca_12_2KH1914-640x427.jpg 640w, https:\/\/www.slodhcup.pumptrack.si\/wp-content\/uploads\/2020\/03\/Klemen-Humar_2017-09_Sorca_12_2KH1914-768x513.jpg 768w, https:\/\/www.slodhcup.pumptrack.si\/wp-content\/uploads\/2020\/03\/Klemen-Humar_2017-09_Sorca_12_2KH1914-1536x1025.jpg 1536w, https:\/\/www.slodhcup.pumptrack.si\/wp-content\/uploads\/2020\/03\/Klemen-Humar_2017-09_Sorca_12_2KH1914-2048x1367.jpg 2048w, https:\/\/www.slodhcup.pumptrack.si\/wp-content\/uploads\/2020\/03\/Klemen-Humar_2017-09_Sorca_12_2KH1914-150x100.jpg 150w\" sizes=\"(max-width: 1280px) 100vw, 1280px\" \/>\t\t\t\t\t\t<\/div>\r\n\t\t\t\t\t\t\t\t\t\t\t\t\t<div class=\"premium-blog-thumbnail-overlay\">\r\n\t\t\t\t\t\t\t\t<a class=\"elementor-icon\" href=\"https:\/\/www.slodhcup.pumptrack.si\/en\/2020\/batt\/\" target=\"_self\" aria-hidden=\"true\"><span>BATT<\/span><\/a>\r\n\t\t\t\t\t\t\t<\/div>\r\n\t\t\t\t\t\t\t\t\t\t\t<\/div>\r\n\t\t\t\t\t\t\t\t\t\t\t\t<div class=\"premium-blog-content-wrapper \">\r\n\r\n\t\t\t\t\t<div class=\"premium-blog-inner-container\">\r\n\r\n\t\t\t\t\t\t\t\t\t\t\t\t\t\t<h4 class=\"premium-blog-entry-title\">\r\n\t\t\t<a href=\"https:\/\/www.slodhcup.pumptrack.si\/en\/2020\/batt\/\" target=\"_self\">\r\n\t\t\t\tBATT\t\t\t<\/a>\r\n\t\t<\/h4>\r\n\t\t\t\t<div class=\"premium-blog-entry-meta\">\r\n\t\t\t\r\n\t\t\t\r\n\t\t\t\r\n\t\t\t\t\t<\/div>\r\n\t\t\r\n\t\t\t\t\t<\/div>\r\n\r\n\t\t\t\t\t<p class=\"premium-blog-post-content\">The BATT crew was established in 2016, when five colleagues decided to go their own way.\u00a0 We multiply slowly and with the right people, otherwise there would be too many rounds at the bar. The club is not just for competing, but also for hanging out with friends. We are \u2026<\/p>\t\t\t\t\t\r\n\t\t\t\t<\/div>\r\n\t\t\t<\/div>\r\n\t\t<\/div>\r\n\r\n\t\t\t\t<div class=\"premium-blog-post-outer-container\" data-total=\"1\">\r\n\t\t\t<div class=\"premium-blog-post-container premium-blog-skin-classic\">\r\n\t\t\t\t\t\t\t\t\t<div class=\"premium-blog-thumb-effect-wrapper\">\r\n\t\t\t\t\t\t<div class=\"premium-blog-thumbnail-container premium-blog-zoomin-effect\">\r\n\t\t\t\t\t\t\t<img decoding=\"async\" width=\"1280\" height=\"854\" src=\"https:\/\/www.slodhcup.pumptrack.si\/wp-content\/uploads\/2020\/03\/14107754_10207121430050397_5881838212878973352_o-1280x854.jpg\" class=\"attachment-large size-large wp-image-45830\" alt=\"\" loading=\"lazy\" srcset=\"https:\/\/www.slodhcup.pumptrack.si\/wp-content\/uploads\/2020\/03\/14107754_10207121430050397_5881838212878973352_o-1280x854.jpg 1280w, https:\/\/www.slodhcup.pumptrack.si\/wp-content\/uploads\/2020\/03\/14107754_10207121430050397_5881838212878973352_o-640x427.jpg 640w, https:\/\/www.slodhcup.pumptrack.si\/wp-content\/uploads\/2020\/03\/14107754_10207121430050397_5881838212878973352_o-768x512.jpg 768w, https:\/\/www.slodhcup.pumptrack.si\/wp-content\/uploads\/2020\/03\/14107754_10207121430050397_5881838212878973352_o-1536x1025.jpg 1536w, https:\/\/www.slodhcup.pumptrack.si\/wp-content\/uploads\/2020\/03\/14107754_10207121430050397_5881838212878973352_o-150x100.jpg 150w, https:\/\/www.slodhcup.pumptrack.si\/wp-content\/uploads\/2020\/03\/14107754_10207121430050397_5881838212878973352_o.jpg 1800w\" sizes=\"(max-width: 1280px) 100vw, 1280px\" \/>\t\t\t\t\t\t<\/div>\r\n\t\t\t\t\t\t\t\t\t\t\t\t\t<div class=\"premium-blog-thumbnail-overlay\">\r\n\t\t\t\t\t\t\t\t<a class=\"elementor-icon\" href=\"https:\/\/www.slodhcup.pumptrack.si\/en\/2020\/sktd-avce\/\" target=\"_self\" aria-hidden=\"true\"><span>\u0160KTD Av\u010de<\/span><\/a>\r\n\t\t\t\t\t\t\t<\/div>\r\n\t\t\t\t\t\t\t\t\t\t\t<\/div>\r\n\t\t\t\t\t\t\t\t\t\t\t\t<div class=\"premium-blog-content-wrapper \">\r\n\r\n\t\t\t\t\t<div class=\"premium-blog-inner-container\">\r\n\r\n\t\t\t\t\t\t\t\t\t\t\t\t\t\t<h4 class=\"premium-blog-entry-title\">\r\n\t\t\t<a href=\"https:\/\/www.slodhcup.pumptrack.si\/en\/2020\/sktd-avce\/\" target=\"_self\">\r\n\t\t\t\t\u0160KTD Av\u010de\t\t\t<\/a>\r\n\t\t<\/h4>\r\n\t\t\t\t<div class=\"premium-blog-entry-meta\">\r\n\t\t\t\r\n\t\t\t\r\n\t\t\t\r\n\t\t\t\t\t<\/div>\r\n\t\t\r\n\t\t\t\t\t<\/div>\r\n\r\n\t\t\t\t\t<p class=\"premium-blog-post-content\">\u0160KTD Av\u010de Cycling Club, also known as the &#8220;Fire Brigade from Av\u010de&#8221; on the Slovenian scene, was established in 2004. They organised one of the most successful races in the SLO DH Cup at that time &#8211; DH Av\u010de. The race was a part of SLO downhill calendar for 10 \u2026<\/p>\t\t\t\t\t\r\n\t\t\t\t<\/div>\r\n\t\t\t<\/div>\r\n\t\t<\/div>\r\n\r\n\t\t\t\t<div class=\"premium-blog-post-outer-container\" data-total=\"1\">\r\n\t\t\t<div class=\"premium-blog-post-container premium-blog-skin-classic\">\r\n\t\t\t\t\t\t\t\t\t<div class=\"premium-blog-thumb-effect-wrapper\">\r\n\t\t\t\t\t\t<div class=\"premium-blog-thumbnail-container premium-blog-zoomin-effect\">\r\n\t\t\t\t\t\t\t<img decoding=\"async\" width=\"1024\" height=\"683\" src=\"https:\/\/www.slodhcup.pumptrack.si\/wp-content\/uploads\/2020\/03\/69766810_362034751400302_1779461051595620352_n.jpg\" class=\"attachment-large size-large wp-image-45823\" alt=\"\" loading=\"lazy\" srcset=\"https:\/\/www.slodhcup.pumptrack.si\/wp-content\/uploads\/2020\/03\/69766810_362034751400302_1779461051595620352_n.jpg 1024w, https:\/\/www.slodhcup.pumptrack.si\/wp-content\/uploads\/2020\/03\/69766810_362034751400302_1779461051595620352_n-640x427.jpg 640w, https:\/\/www.slodhcup.pumptrack.si\/wp-content\/uploads\/2020\/03\/69766810_362034751400302_1779461051595620352_n-768x512.jpg 768w, https:\/\/www.slodhcup.pumptrack.si\/wp-content\/uploads\/2020\/03\/69766810_362034751400302_1779461051595620352_n-150x100.jpg 150w\" sizes=\"(max-width: 1024px) 100vw, 1024px\" \/>\t\t\t\t\t\t<\/div>\r\n\t\t\t\t\t\t\t\t\t\t\t\t\t<div class=\"premium-blog-thumbnail-overlay\">\r\n\t\t\t\t\t\t\t\t<a class=\"elementor-icon\" href=\"https:\/\/www.slodhcup.pumptrack.si\/en\/2020\/wolf-racing-team\/\" target=\"_self\" aria-hidden=\"true\"><span>Wolf Racing Team<\/span><\/a>\r\n\t\t\t\t\t\t\t<\/div>\r\n\t\t\t\t\t\t\t\t\t\t\t<\/div>\r\n\t\t\t\t\t\t\t\t\t\t\t\t<div class=\"premium-blog-content-wrapper \">\r\n\r\n\t\t\t\t\t<div class=\"premium-blog-inner-container\">\r\n\r\n\t\t\t\t\t\t\t\t\t\t\t\t\t\t<h4 class=\"premium-blog-entry-title\">\r\n\t\t\t<a href=\"https:\/\/www.slodhcup.pumptrack.si\/en\/2020\/wolf-racing-team\/\" target=\"_self\">\r\n\t\t\t\tWolf Racing Team\t\t\t<\/a>\r\n\t\t<\/h4>\r\n\t\t\t\t<div class=\"premium-blog-entry-meta\">\r\n\t\t\t\r\n\t\t\t\r\n\t\t\t\r\n\t\t\t\t\t<\/div>\r\n\t\t\r\n\t\t\t\t\t<\/div>\r\n\r\n\t\t\t\t\t<p class=\"premium-blog-post-content\">The name itself implies that it has something to do with a veteran of Slovenian downhill Bo\u0161tjan Volf. Volf wanted to go his own way and set up his own downhill team. At first the number of members was really small, but now Wolf Racing counts more than ten savages \u2026<\/p>\t\t\t\t\t\r\n\t\t\t\t<\/div>\r\n\t\t\t<\/div>\r\n\t\t<\/div>\r\n\r\n\t\t\t\t<div class=\"premium-blog-post-outer-container\" data-total=\"1\">\r\n\t\t\t<div class=\"premium-blog-post-container premium-blog-skin-classic\">\r\n\t\t\t\t\t\t\t\t\t<div class=\"premium-blog-thumb-effect-wrapper\">\r\n\t\t\t\t\t\t<div class=\"premium-blog-thumbnail-container premium-blog-zoomin-effect\">\r\n\t\t\t\t\t\t\t<img decoding=\"async\" width=\"1280\" height=\"854\" src=\"https:\/\/www.slodhcup.pumptrack.si\/wp-content\/uploads\/2020\/03\/Klemen_Humar_2018-04_iXS-MB-008-1280x854.jpg\" class=\"attachment-large size-large wp-image-45807\" alt=\"\" loading=\"lazy\" srcset=\"https:\/\/www.slodhcup.pumptrack.si\/wp-content\/uploads\/2020\/03\/Klemen_Humar_2018-04_iXS-MB-008-1280x854.jpg 1280w, https:\/\/www.slodhcup.pumptrack.si\/wp-content\/uploads\/2020\/03\/Klemen_Humar_2018-04_iXS-MB-008-640x427.jpg 640w, https:\/\/www.slodhcup.pumptrack.si\/wp-content\/uploads\/2020\/03\/Klemen_Humar_2018-04_iXS-MB-008-768x512.jpg 768w, https:\/\/www.slodhcup.pumptrack.si\/wp-content\/uploads\/2020\/03\/Klemen_Humar_2018-04_iXS-MB-008-1536x1025.jpg 1536w, https:\/\/www.slodhcup.pumptrack.si\/wp-content\/uploads\/2020\/03\/Klemen_Humar_2018-04_iXS-MB-008-2048x1366.jpg 2048w, https:\/\/www.slodhcup.pumptrack.si\/wp-content\/uploads\/2020\/03\/Klemen_Humar_2018-04_iXS-MB-008-150x100.jpg 150w\" sizes=\"(max-width: 1280px) 100vw, 1280px\" \/>\t\t\t\t\t\t<\/div>\r\n\t\t\t\t\t\t\t\t\t\t\t\t\t<div class=\"premium-blog-thumbnail-overlay\">\r\n\t\t\t\t\t\t\t\t<a class=\"elementor-icon\" href=\"https:\/\/www.slodhcup.pumptrack.si\/en\/2020\/supersnurf\/\" target=\"_self\" aria-hidden=\"true\"><span>Supersnurf<\/span><\/a>\r\n\t\t\t\t\t\t\t<\/div>\r\n\t\t\t\t\t\t\t\t\t\t\t<\/div>\r\n\t\t\t\t\t\t\t\t\t\t\t\t<div class=\"premium-blog-content-wrapper \">\r\n\r\n\t\t\t\t\t<div class=\"premium-blog-inner-container\">\r\n\r\n\t\t\t\t\t\t\t\t\t\t\t\t\t\t<h4 class=\"premium-blog-entry-title\">\r\n\t\t\t<a href=\"https:\/\/www.slodhcup.pumptrack.si\/en\/2020\/supersnurf\/\" target=\"_self\">\r\n\t\t\t\tSupersnurf\t\t\t<\/a>\r\n\t\t<\/h4>\r\n\t\t\t\t<div class=\"premium-blog-entry-meta\">\r\n\t\t\t\r\n\t\t\t\r\n\t\t\t\r\n\t\t\t\t\t<\/div>\r\n\t\t\r\n\t\t\t\t\t<\/div>\r\n\r\n\t\t\t\t\t<p class=\"premium-blog-post-content\">Supersnurf is one of the longest running action sports clubs in Slovenia. They started with surfing and snowboarding (hence the name), got into bikes soon thereafter and recently also set their sights on climbing and ski mountaineering. The club has a downhill racing team and a few privateer enduro racers \u2026<\/p>\t\t\t\t\t\r\n\t\t\t\t<\/div>\r\n\t\t\t<\/div>\r\n\t\t<\/div>\r\n\r\n\t\t\t\t<\/div>\r\n\r\n\t\t\t\t<\/div>\n\t\t\t\t<\/div>\n\t\t\t\t\t<\/div>\n\t\t<\/div>\n\t\t\t\t\t\t\t<\/div>\n\t\t<\/section>\n\t\t\t\t\t\t\t<\/div>\n\t\t","protected":false},"excerpt":{"rendered":"<p>KD Rajd KD Rajd Rajd Ljubljana is one of the biggest competition teams in the Slovenian MTB scene in which a lot of their racers have also developed and progressed to the&nbsp;Sinter Brakes Team&nbsp;or even the&nbsp;Unior Devinci Factory Racing. There are many youngsters in the crew who learned the downhill skills at their Rajd \u2026 KK \u010crn trn KK \u010crn trn KK \u010crn Trn (black thorn) is a cycling club that has had several top competitors throughout its history who were taking top spots at home races, European DH and 4X championships and were regularly achieving points in world cups.\u2026<\/p>\n","protected":false},"author":8,"featured_media":0,"parent":0,"menu_order":0,"comment_status":"closed","ping_status":"closed","template":"","meta":[],"blocksy_meta":"","_links":{"self":[{"href":"https:\/\/www.slodhcup.pumptrack.si\/en\/wp-json\/wp\/v2\/pages\/50377"}],"collection":[{"href":"https:\/\/www.slodhcup.pumptrack.si\/en\/wp-json\/wp\/v2\/pages"}],"about":[{"href":"https:\/\/www.slodhcup.pumptrack.si\/en\/wp-json\/wp\/v2\/types\/page"}],"author":[{"embeddable":true,"href":"https:\/\/www.slodhcup.pumptrack.si\/en\/wp-json\/wp\/v2\/users\/8"}],"replies":[{"embeddable":true,"href":"https:\/\/www.slodhcup.pumptrack.si\/en\/wp-json\/wp\/v2\/comments?post=50377"}],"version-history":[{"count":21,"href":"https:\/\/www.slodhcup.pumptrack.si\/en\/wp-json\/wp\/v2\/pages\/50377\/revisions"}],"predecessor-version":[{"id":51427,"href":"https:\/\/www.slodhcup.pumptrack.si\/en\/wp-json\/wp\/v2\/pages\/50377\/revisions\/51427"}],"wp:attachment":[{"href":"https:\/\/www.slodhcup.pumptrack.si\/en\/wp-json\/wp\/v2\/media?parent=50377"}],"curies":[{"name":"wp","href":"https:\/\/api.w.org\/{rel}","templated":true}]}}